{"id":2600,"date":"2025-07-08T11:31:22","date_gmt":"2025-07-08T11:31:22","guid":{"rendered":"https:\/\/rwsv.de\/?page_id=2600"},"modified":"2025-07-08T09:35:31","modified_gmt":"2025-07-08T09:35:31","slug":"vereinsheim","status":"publish","type":"page","link":"https:\/\/rwsv.de\/index.php\/vereinsheim\/","title":{"rendered":"Vereinsheim"},"content":{"rendered":"\t\t<div data-elementor-type=\"wp-page\" data-elementor-id=\"2600\" class=\"elementor elementor-2600\">\n\t\t\t\t\t\t<section class=\"elementor-section elementor-top-section elementor-element elementor-element-372aa3aa elementor-section-content-middle elementor-section-boxed elementor-section-height-default elementor-section-height-default wpr-particle-no wpr-jarallax-no wpr-parallax-no wpr-sticky-section-no wpr-equal-height-no\" data-id=\"372aa3aa\" data-element_type=\"section\" data-e-type=\"section\" data-settings=\"{&quot;background_background&quot;:&quot;classic&quot;}\">\n\t\t\t\t\t\t\t<div class=\"elementor-background-overlay\"><\/div>\n\t\t\t\t\t\t\t<div class=\"elementor-container elementor-column-gap-no\">\n\t\t\t\t\t<div class=\"elementor-column elementor-col-100 elementor-top-column elementor-element elementor-element-37ef4502\" data-id=\"37ef4502\" data-element_type=\"column\" data-e-type=\"column\">\n\t\t\t<div class=\"elementor-widget-wrap elementor-element-populated\">\n\t\t\t\t\t\t<div class=\"elementor-element elementor-element-378eebe6 elementor-widget elementor-widget-heading\" data-id=\"378eebe6\" data-element_type=\"widget\" data-e-type=\"widget\" data-widget_type=\"heading.default\">\n\t\t\t\t<div class=\"elementor-widget-container\">\n\t\t\t\t\t<h6 class=\"elementor-heading-title elementor-size-default\">Vereinsheim<\/h6>\t\t\t\t<\/div>\n\t\t\t\t<\/div>\n\t\t\t\t<div class=\"elementor-element elementor-element-1a68ffa9 elementor-widget elementor-widget-heading\" data-id=\"1a68ffa9\" data-element_type=\"widget\" data-e-type=\"widget\" data-widget_type=\"heading.default\">\n\t\t\t\t<div class=\"elementor-widget-container\">\n\t\t\t\t\t<h1 class=\"elementor-heading-title elementor-size-default\">Projekt Vereinsheim<\/h1>\t\t\t\t<\/div>\n\t\t\t\t<\/div>\n\t\t\t\t\t<\/div>\n\t\t<\/div>\n\t\t\t\t\t<\/div>\n\t\t<\/section>\n\t\t\t\t<section class=\"elementor-section elementor-top-section elementor-element elementor-element-c1328bd elementor-section-boxed elementor-section-height-default elementor-section-height-default wpr-particle-no wpr-jarallax-no wpr-parallax-no wpr-sticky-section-no wpr-equal-height-no\" data-id=\"c1328bd\" data-element_type=\"section\" data-e-type=\"section\">\n\t\t\t\t\t\t<div class=\"elementor-container elementor-column-gap-default\">\n\t\t\t\t\t<div class=\"elementor-column elementor-col-100 elementor-top-column elementor-element elementor-element-e0f047e\" data-id=\"e0f047e\" data-element_type=\"column\" data-e-type=\"column\">\n\t\t\t<div class=\"elementor-widget-wrap elementor-element-populated\">\n\t\t\t\t\t\t<div class=\"elementor-element elementor-element-27a99ce elementor-widget elementor-widget-heading\" data-id=\"27a99ce\" data-element_type=\"widget\" data-e-type=\"widget\" data-widget_type=\"heading.default\">\n\t\t\t\t<div class=\"elementor-widget-container\">\n\t\t\t\t\t<p class=\"elementor-heading-title elementor-size-default\">.<\/p>\t\t\t\t<\/div>\n\t\t\t\t<\/div>\n\t\t\t\t\t<\/div>\n\t\t<\/div>\n\t\t\t\t\t<\/div>\n\t\t<\/section>\n\t\t\t\t<section class=\"elementor-section elementor-top-section elementor-element elementor-element-384af91 elementor-section-boxed elementor-section-height-default elementor-section-height-default wpr-particle-no wpr-jarallax-no wpr-parallax-no wpr-sticky-section-no wpr-equal-height-no\" data-id=\"384af91\" data-element_type=\"section\" data-e-type=\"section\">\n\t\t\t\t\t\t<div class=\"elementor-container elementor-column-gap-default\">\n\t\t\t\t\t<div class=\"elementor-column elementor-col-100 elementor-top-column elementor-element elementor-element-5cd6cfc\" data-id=\"5cd6cfc\" data-element_type=\"column\" data-e-type=\"column\" data-settings=\"{&quot;background_background&quot;:&quot;classic&quot;}\">\n\t\t\t<div class=\"elementor-widget-wrap elementor-element-populated\">\n\t\t\t\t\t<div class=\"elementor-background-overlay\"><\/div>\n\t\t\t\t\t\t<div class=\"elementor-element elementor-element-81131e3 elementor-widget elementor-widget-heading\" data-id=\"81131e3\" data-element_type=\"widget\" data-e-type=\"widget\" data-widget_type=\"heading.default\">\n\t\t\t\t<div class=\"elementor-widget-container\">\n\t\t\t\t\t<h5 class=\"elementor-heading-title elementor-size-large\">\nUnser Vereinsheim - endlich fertig und am 29.06.2025 offiziell er\u00f6ffnet<\/h5>\t\t\t\t<\/div>\n\t\t\t\t<\/div>\n\t\t\t\t<section class=\"elementor-section elementor-inner-section elementor-element elementor-element-0b1a9d2 elementor-section-boxed elementor-section-height-default elementor-section-height-default wpr-particle-no wpr-jarallax-no wpr-parallax-no wpr-sticky-section-no wpr-equal-height-no\" data-id=\"0b1a9d2\" data-element_type=\"section\" data-e-type=\"section\">\n\t\t\t\t\t\t<div class=\"elementor-container elementor-column-gap-default\">\n\t\t\t\t\t<div class=\"elementor-column elementor-col-100 elementor-inner-column elementor-element elementor-element-48d3bc5\" data-id=\"48d3bc5\" data-element_type=\"column\" data-e-type=\"column\">\n\t\t\t<div class=\"elementor-widget-wrap elementor-element-populated\">\n\t\t\t\t\t\t\t<\/div>\n\t\t<\/div>\n\t\t\t\t\t<\/div>\n\t\t<\/section>\n\t\t\t\t<div class=\"elementor-element elementor-element-1ed6818 elementor-widget elementor-widget-image\" data-id=\"1ed6818\" data-element_type=\"widget\" data-e-type=\"widget\" data-widget_type=\"image.default\">\n\t\t\t\t<div class=\"elementor-widget-container\">\n\t\t\t\t\t\t\t\t\t\t\t\t\t\t\t\t<a href=\"https:\/\/pano.blitzgarten.com\/svrw\/\">\n\t\t\t\t\t\t\t<img fetchpriority=\"high\" decoding=\"async\" width=\"1536\" height=\"717\" src=\"https:\/\/rwsv.de\/wp-content\/uploads\/2025\/07\/Vereinsheim_1-1536x717.jpg\" class=\"attachment-1536x1536 size-1536x1536 wp-image-3600\" alt=\"\" srcset=\"https:\/\/rwsv.de\/wp-content\/uploads\/2025\/07\/Vereinsheim_1-1536x717.jpg 1536w, https:\/\/rwsv.de\/wp-content\/uploads\/2025\/07\/Vereinsheim_1-300x140.jpg 300w, https:\/\/rwsv.de\/wp-content\/uploads\/2025\/07\/Vereinsheim_1-1024x478.jpg 1024w, https:\/\/rwsv.de\/wp-content\/uploads\/2025\/07\/Vereinsheim_1-150x70.jpg 150w, https:\/\/rwsv.de\/wp-content\/uploads\/2025\/07\/Vereinsheim_1-768x359.jpg 768w, https:\/\/rwsv.de\/wp-content\/uploads\/2025\/07\/Vereinsheim_1.jpg 1595w\" sizes=\"(max-width: 1536px) 100vw, 1536px\" \/>\t\t\t\t\t\t\t\t<\/a>\n\t\t\t\t\t\t\t\t\t\t\t\t\t\t\t<\/div>\n\t\t\t\t<\/div>\n\t\t\t\t<div class=\"elementor-element elementor-element-47c6db6 elementor-widget elementor-widget-text-editor\" data-id=\"47c6db6\" data-element_type=\"widget\" data-e-type=\"widget\" data-widget_type=\"text-editor.default\">\n\t\t\t\t<div class=\"elementor-widget-container\">\n\t\t\t\t\t\t\t\t\t<p>Anfang 2021 haben wir mit der Realisierung unseres gro\u00dfen Traums begonnen: der Errichtung eines eigenen Vereinsheims! Impulsgeber f\u00fcr den Baustart war das F\u00f6rderprogramm des Landes NRW \u201eModerne Sportst\u00e4tten 2022\u201c mit einem Zuschuss in H\u00f6he von 334.000 \u20ac. Dank Spendenzusagen vieler am Bau beteiligter Unternehmen sowie enormer Eigenleistungen unserer Mitglieder konnten wir unser neues Vereinsheim nun seiner Bestimmung \u00fcbergeben.<\/p><p>Wir sind stolz auf unser &#8222;Schmuckk\u00e4stchen&#8220; und m\u00f6chten uns bei allen, die uns bei der Umsetzung geholfen haben, herzlich f\u00fcr ihren Einsatz bedanken.<\/p><p>Einige Daten und Fakten zum Vereinsheim:<\/p><p>Es hat<\/p><ul><li>eine Nutzfl\u00e4che von 400 m\u00b2<\/li><li>600 m\u00b2 Dachfl\u00e4che mit Photovoltaik-Anlage<\/li><li>eine optimale D\u00e4mmung<\/li><li>eine W\u00e4rmepumpenanlage<\/li><li>Fu\u00dfbodenheizung<\/li><li>3-fach Verglasung<\/li><li>alle R\u00e4umen sind barrierefrei<\/li><li>eine ca. 50 m \u00fcberdachte Trib\u00fcne<\/li><li>4 Umkleidekabinen<\/li><li>2 Duschanlagen<\/li><li>2 separate Schiedsrichterr\u00e4ume<\/li><li>einen Raum f\u00fcr Trainingsmittel<\/li><li>eine K\u00fcche (leider noch nicht fertig eingerichtet)<\/li><li>einen Vorratsraum<\/li><li>einen gro\u00dfen Clubraum<\/li><li>Wir sind komplett CO2-neutral.<\/li><\/ul><p>Wenn Ihr Lust habt, k\u00f6nnt Ihr Euch die Bilder zur Entstehung in unserer Galerie anschauen:\u00a0\u00a0https:\/\/rwsv.de\/index.php\/galerie\/<\/p>\t\t\t\t\t\t\t\t<\/div>\n\t\t\t\t<\/div>\n\t\t\t\t\t<\/div>\n\t\t<\/div>\n\t\t\t\t\t<\/div>\n\t\t<\/section>\n\t\t\t\t<section class=\"elementor-section elementor-top-section elementor-element elementor-element-7ace536 elementor-section-boxed elementor-section-height-default elementor-section-height-default wpr-particle-no wpr-jarallax-no wpr-parallax-no wpr-sticky-section-no wpr-equal-height-no\" data-id=\"7ace536\" data-element_type=\"section\" data-e-type=\"section\">\n\t\t\t\t\t\t<div class=\"elementor-container elementor-column-gap-default\">\n\t\t\t\t\t<div class=\"elementor-column elementor-col-100 elementor-top-column elementor-element elementor-element-87349c1\" data-id=\"87349c1\" data-element_type=\"column\" data-e-type=\"column\">\n\t\t\t<div class=\"elementor-widget-wrap elementor-element-populated\">\n\t\t\t\t\t\t<div class=\"elementor-element elementor-element-4bc6e18 elementor-widget elementor-widget-button\" data-id=\"4bc6e18\" data-element_type=\"widget\" data-e-type=\"widget\" data-widget_type=\"button.default\">\n\t\t\t\t<div class=\"elementor-widget-container\">\n\t\t\t\t\t\t\t\t\t<div class=\"elementor-button-wrapper\">\n\t\t\t\t\t<a class=\"elementor-button elementor-button-link elementor-size-sm\" href=\"https:\/\/rwsv.de\/index.php\/galerie\/\">\n\t\t\t\t\t\t<span class=\"elementor-button-content-wrapper\">\n\t\t\t\t\t\t\t\t\t<span class=\"elementor-button-text\">Hier klicken<\/span>\n\t\t\t\t\t<\/span>\n\t\t\t\t\t<\/a>\n\t\t\t\t<\/div>\n\t\t\t\t\t\t\t\t<\/div>\n\t\t\t\t<\/div>\n\t\t\t\t\t<\/div>\n\t\t<\/div>\n\t\t\t\t\t<\/div>\n\t\t<\/section>\n\t\t\t\t<\/div>\n\t\t","protected":false},"excerpt":{"rendered":"<p>Vereinsheim Projekt Vereinsheim . Unser Vereinsheim &#8211; endlich fertig und am 29.06.2025 offiziell er\u00f6ffnet Anfang 2021 haben wir mit der Realisierung unseres gro\u00dfen Traums begonnen: der Errichtung eines eigenen Vereinsheims! Impulsgeber f\u00fcr den Baustart war das F\u00f6rderprogramm des Landes NRW \u201eModerne Sportst\u00e4tten 2022\u201c mit einem Zuschuss in H\u00f6he von 334.000 \u20ac. Dank Spendenzusagen vieler am Bau beteiligter Unternehmen sowie enormer Eigenleistungen unserer Mitglieder konnten wir unser neues Vereinsheim nun seiner Bestimmung \u00fcbergeben. Wir sind stolz auf unser &#8222;Schmuckk\u00e4stchen&#8220; und m\u00f6chten uns bei allen, die uns bei der Umsetzung geholfen haben, herzlich f\u00fcr ihren Einsatz bedanken. Einige Daten und Fakten zum Vereinsheim: Es hat eine Nutzfl\u00e4che von 400 m\u00b2 600 m\u00b2 Dachfl\u00e4che mit Photovoltaik-Anlage eine optimale D\u00e4mmung eine W\u00e4rmepumpenanlage Fu\u00dfbodenheizung 3-fach Verglasung alle R\u00e4umen sind barrierefrei eine ca. 50 m \u00fcberdachte Trib\u00fcne 4 Umkleidekabinen 2 Duschanlagen 2 separate Schiedsrichterr\u00e4ume einen Raum f\u00fcr Trainingsmittel eine K\u00fcche (leider noch nicht fertig eingerichtet) einen Vorratsraum einen gro\u00dfen Clubraum Wir sind komplett CO2-neutral. Wenn Ihr Lust habt, k\u00f6nnt Ihr Euch die Bilder zur Entstehung in unserer Galerie anschauen:\u00a0\u00a0https:\/\/rwsv.de\/index.php\/galerie\/ Hier klicken<\/p>\n","protected":false},"author":1,"featured_media":0,"parent":0,"menu_order":0,"comment_status":"closed","ping_status":"closed","template":"","meta":{"site-sidebar-layout":"no-sidebar","site-content-layout":"page-builder","ast-site-content-layout":"default","site-content-style":"default","site-sidebar-style":"default","ast-global-header-display":"","ast-banner-title-visibility":"","ast-main-header-display":"","ast-hfb-above-header-display":"","ast-hfb-below-header-display":"","ast-hfb-mobile-header-display":"","site-post-title":"disabled","ast-breadcrumbs-content":"","ast-featured-img":"disabled","footer-sml-layout":"","theme-transparent-header-meta":"","adv-header-id-meta":"","stick-header-meta":"","header-above-stick-meta":"","header-main-stick-meta":"","header-below-stick-meta":"","astra-migrate-meta-layouts":"default","ast-page-background-enabled":"default","ast-page-background-meta":{"desktop":{"background-color":"","background-image":"","background-repeat":"repeat","background-position":"center center","background-size":"auto","background-attachment":"scroll","background-type":"","background-media":"","overlay-type":"","overlay-color":"","overlay-opacity":"","overlay-gradient":""},"tablet":{"background-color":"","background-image":"","background-repeat":"repeat","background-position":"center center","background-size":"auto","background-attachment":"scroll","background-type":"","background-media":"","overlay-type":"","overlay-color":"","overlay-opacity":"","overlay-gradient":""},"mobile":{"background-color":"","background-image":"","background-repeat":"repeat","background-position":"center center","background-size":"auto","background-attachment":"scroll","background-type":"","background-media":"","overlay-type":"","overlay-color":"","overlay-opacity":"","overlay-gradient":""}},"ast-content-background-meta":{"desktop":{"background-color":"var(--ast-global-color-5)","background-image":"","background-repeat":"repeat","background-position":"center center","background-size":"auto","background-attachment":"scroll","background-type":"","background-media":"","overlay-type":"","overlay-color":"","overlay-opacity":"","overlay-gradient":""},"tablet":{"background-color":"var(--ast-global-color-5)","background-image":"","background-repeat":"repeat","background-position":"center center","background-size":"auto","background-attachment":"scroll","background-type":"","background-media":"","overlay-type":"","overlay-color":"","overlay-opacity":"","overlay-gradient":""},"mobile":{"background-color":"var(--ast-global-color-5)","background-image":"","background-repeat":"repeat","background-position":"center center","background-size":"auto","background-attachment":"scroll","background-type":"","background-media":"","overlay-type":"","overlay-color":"","overlay-opacity":"","overlay-gradient":""}},"footnotes":""},"class_list":["post-2600","page","type-page","status-publish","hentry"],"yoast_head":"<!-- This site is optimized with the Yoast SEO plugin v27.5 - https:\/\/yoast.com\/product\/yoast-seo-wordpress\/ -->\n<title>Vereinsheim - Rot Weiss St.Vit e.V.<\/title>\n<meta name=\"robots\" content=\"index, follow, max-snippet:-1, max-image-preview:large, max-video-preview:-1\" \/>\n<link rel=\"canonical\" href=\"https:\/\/rwsv.de\/index.php\/vereinsheim\/\" \/>\n<meta property=\"og:locale\" content=\"de_DE\" \/>\n<meta property=\"og:type\" content=\"article\" \/>\n<meta property=\"og:title\" content=\"Vereinsheim - Rot Weiss St.Vit e.V.\" \/>\n<meta property=\"og:description\" content=\"Vereinsheim Projekt Vereinsheim . Unser Vereinsheim &#8211; endlich fertig und am 29.06.2025 offiziell er\u00f6ffnet Anfang 2021 haben wir mit der Realisierung unseres gro\u00dfen Traums begonnen: der Errichtung eines eigenen Vereinsheims! Impulsgeber f\u00fcr den Baustart war das F\u00f6rderprogramm des Landes NRW \u201eModerne Sportst\u00e4tten 2022\u201c mit einem Zuschuss in H\u00f6he von 334.000 \u20ac. Dank Spendenzusagen vieler am Bau beteiligter Unternehmen sowie enormer Eigenleistungen unserer Mitglieder konnten wir unser neues Vereinsheim nun seiner Bestimmung \u00fcbergeben. Wir sind stolz auf unser &#8222;Schmuckk\u00e4stchen&#8220; und m\u00f6chten uns bei allen, die uns bei der Umsetzung geholfen haben, herzlich f\u00fcr ihren Einsatz bedanken. Einige Daten und Fakten zum Vereinsheim: Es hat eine Nutzfl\u00e4che von 400 m\u00b2 600 m\u00b2 Dachfl\u00e4che mit Photovoltaik-Anlage eine optimale D\u00e4mmung eine W\u00e4rmepumpenanlage Fu\u00dfbodenheizung 3-fach Verglasung alle R\u00e4umen sind barrierefrei eine ca. 50 m \u00fcberdachte Trib\u00fcne 4 Umkleidekabinen 2 Duschanlagen 2 separate Schiedsrichterr\u00e4ume einen Raum f\u00fcr Trainingsmittel eine K\u00fcche (leider noch nicht fertig eingerichtet) einen Vorratsraum einen gro\u00dfen Clubraum Wir sind komplett CO2-neutral. Wenn Ihr Lust habt, k\u00f6nnt Ihr Euch die Bilder zur Entstehung in unserer Galerie anschauen:\u00a0\u00a0https:\/\/rwsv.de\/index.php\/galerie\/ Hier klicken\" \/>\n<meta property=\"og:url\" content=\"https:\/\/rwsv.de\/index.php\/vereinsheim\/\" \/>\n<meta property=\"og:site_name\" content=\"Rot Weiss St.Vit e.V.\" \/>\n<meta property=\"og:image\" content=\"https:\/\/rwsv.de\/wp-content\/uploads\/2025\/07\/Vereinsheim_1.jpg\" \/>\n\t<meta property=\"og:image:width\" content=\"1595\" \/>\n\t<meta property=\"og:image:height\" content=\"745\" \/>\n\t<meta property=\"og:image:type\" content=\"image\/jpeg\" \/>\n<meta name=\"twitter:card\" content=\"summary_large_image\" \/>\n<meta name=\"twitter:label1\" content=\"Gesch\u00e4tzte Lesezeit\" \/>\n\t<meta name=\"twitter:data1\" content=\"2\u00a0Minuten\" \/>\n<script type=\"application\/ld+json\" class=\"yoast-schema-graph\">{\"@context\":\"https:\\\/\\\/schema.org\",\"@graph\":[{\"@type\":\"WebPage\",\"@id\":\"https:\\\/\\\/rwsv.de\\\/index.php\\\/vereinsheim\\\/\",\"url\":\"https:\\\/\\\/rwsv.de\\\/index.php\\\/vereinsheim\\\/\",\"name\":\"Vereinsheim - Rot Weiss St.Vit e.V.\",\"isPartOf\":{\"@id\":\"https:\\\/\\\/rwsv.de\\\/#website\"},\"primaryImageOfPage\":{\"@id\":\"https:\\\/\\\/rwsv.de\\\/index.php\\\/vereinsheim\\\/#primaryimage\"},\"image\":{\"@id\":\"https:\\\/\\\/rwsv.de\\\/index.php\\\/vereinsheim\\\/#primaryimage\"},\"thumbnailUrl\":\"https:\\\/\\\/rwsv.de\\\/wp-content\\\/uploads\\\/2025\\\/07\\\/Vereinsheim_1-1536x717.jpg\",\"datePublished\":\"2025-07-08T11:31:22+00:00\",\"breadcrumb\":{\"@id\":\"https:\\\/\\\/rwsv.de\\\/index.php\\\/vereinsheim\\\/#breadcrumb\"},\"inLanguage\":\"de\",\"potentialAction\":[{\"@type\":\"ReadAction\",\"target\":[\"https:\\\/\\\/rwsv.de\\\/index.php\\\/vereinsheim\\\/\"]}]},{\"@type\":\"ImageObject\",\"inLanguage\":\"de\",\"@id\":\"https:\\\/\\\/rwsv.de\\\/index.php\\\/vereinsheim\\\/#primaryimage\",\"url\":\"https:\\\/\\\/rwsv.de\\\/wp-content\\\/uploads\\\/2025\\\/07\\\/Vereinsheim_1.jpg\",\"contentUrl\":\"https:\\\/\\\/rwsv.de\\\/wp-content\\\/uploads\\\/2025\\\/07\\\/Vereinsheim_1.jpg\",\"width\":1595,\"height\":745},{\"@type\":\"BreadcrumbList\",\"@id\":\"https:\\\/\\\/rwsv.de\\\/index.php\\\/vereinsheim\\\/#breadcrumb\",\"itemListElement\":[{\"@type\":\"ListItem\",\"position\":1,\"name\":\"Startseite\",\"item\":\"https:\\\/\\\/rwsv.de\\\/\"},{\"@type\":\"ListItem\",\"position\":2,\"name\":\"Vereinsheim\"}]},{\"@type\":\"WebSite\",\"@id\":\"https:\\\/\\\/rwsv.de\\\/#website\",\"url\":\"https:\\\/\\\/rwsv.de\\\/\",\"name\":\"Rot Weiss St.Vit e.V.\",\"description\":\"Fu\u00dfballverein\",\"publisher\":{\"@id\":\"https:\\\/\\\/rwsv.de\\\/#organization\"},\"potentialAction\":[{\"@type\":\"SearchAction\",\"target\":{\"@type\":\"EntryPoint\",\"urlTemplate\":\"https:\\\/\\\/rwsv.de\\\/?s={search_term_string}\"},\"query-input\":{\"@type\":\"PropertyValueSpecification\",\"valueRequired\":true,\"valueName\":\"search_term_string\"}}],\"inLanguage\":\"de\"},{\"@type\":\"Organization\",\"@id\":\"https:\\\/\\\/rwsv.de\\\/#organization\",\"name\":\"Rot Weiss St.Vit e.V.\",\"url\":\"https:\\\/\\\/rwsv.de\\\/\",\"logo\":{\"@type\":\"ImageObject\",\"inLanguage\":\"de\",\"@id\":\"https:\\\/\\\/rwsv.de\\\/#\\\/schema\\\/logo\\\/image\\\/\",\"url\":\"https:\\\/\\\/rwsv.de\\\/wp-content\\\/uploads\\\/2022\\\/08\\\/LogoRWSt-removebg-preview.png\",\"contentUrl\":\"https:\\\/\\\/rwsv.de\\\/wp-content\\\/uploads\\\/2022\\\/08\\\/LogoRWSt-removebg-preview.png\",\"width\":468,\"height\":533,\"caption\":\"Rot Weiss St.Vit e.V.\"},\"image\":{\"@id\":\"https:\\\/\\\/rwsv.de\\\/#\\\/schema\\\/logo\\\/image\\\/\"}}]}<\/script>\n<!-- \/ Yoast SEO plugin. -->","yoast_head_json":{"title":"Vereinsheim - Rot Weiss St.Vit e.V.","robots":{"index":"index","follow":"follow","max-snippet":"max-snippet:-1","max-image-preview":"max-image-preview:large","max-video-preview":"max-video-preview:-1"},"canonical":"https:\/\/rwsv.de\/index.php\/vereinsheim\/","og_locale":"de_DE","og_type":"article","og_title":"Vereinsheim - Rot Weiss St.Vit e.V.","og_description":"Vereinsheim Projekt Vereinsheim . Unser Vereinsheim &#8211; endlich fertig und am 29.06.2025 offiziell er\u00f6ffnet Anfang 2021 haben wir mit der Realisierung unseres gro\u00dfen Traums begonnen: der Errichtung eines eigenen Vereinsheims! Impulsgeber f\u00fcr den Baustart war das F\u00f6rderprogramm des Landes NRW \u201eModerne Sportst\u00e4tten 2022\u201c mit einem Zuschuss in H\u00f6he von 334.000 \u20ac. Dank Spendenzusagen vieler am Bau beteiligter Unternehmen sowie enormer Eigenleistungen unserer Mitglieder konnten wir unser neues Vereinsheim nun seiner Bestimmung \u00fcbergeben. Wir sind stolz auf unser &#8222;Schmuckk\u00e4stchen&#8220; und m\u00f6chten uns bei allen, die uns bei der Umsetzung geholfen haben, herzlich f\u00fcr ihren Einsatz bedanken. Einige Daten und Fakten zum Vereinsheim: Es hat eine Nutzfl\u00e4che von 400 m\u00b2 600 m\u00b2 Dachfl\u00e4che mit Photovoltaik-Anlage eine optimale D\u00e4mmung eine W\u00e4rmepumpenanlage Fu\u00dfbodenheizung 3-fach Verglasung alle R\u00e4umen sind barrierefrei eine ca. 50 m \u00fcberdachte Trib\u00fcne 4 Umkleidekabinen 2 Duschanlagen 2 separate Schiedsrichterr\u00e4ume einen Raum f\u00fcr Trainingsmittel eine K\u00fcche (leider noch nicht fertig eingerichtet) einen Vorratsraum einen gro\u00dfen Clubraum Wir sind komplett CO2-neutral. Wenn Ihr Lust habt, k\u00f6nnt Ihr Euch die Bilder zur Entstehung in unserer Galerie anschauen:\u00a0\u00a0https:\/\/rwsv.de\/index.php\/galerie\/ Hier klicken","og_url":"https:\/\/rwsv.de\/index.php\/vereinsheim\/","og_site_name":"Rot Weiss St.Vit e.V.","og_image":[{"width":1595,"height":745,"url":"https:\/\/rwsv.de\/wp-content\/uploads\/2025\/07\/Vereinsheim_1.jpg","type":"image\/jpeg"}],"twitter_card":"summary_large_image","twitter_misc":{"Gesch\u00e4tzte Lesezeit":"2\u00a0Minuten"},"schema":{"@context":"https:\/\/schema.org","@graph":[{"@type":"WebPage","@id":"https:\/\/rwsv.de\/index.php\/vereinsheim\/","url":"https:\/\/rwsv.de\/index.php\/vereinsheim\/","name":"Vereinsheim - Rot Weiss St.Vit e.V.","isPartOf":{"@id":"https:\/\/rwsv.de\/#website"},"primaryImageOfPage":{"@id":"https:\/\/rwsv.de\/index.php\/vereinsheim\/#primaryimage"},"image":{"@id":"https:\/\/rwsv.de\/index.php\/vereinsheim\/#primaryimage"},"thumbnailUrl":"https:\/\/rwsv.de\/wp-content\/uploads\/2025\/07\/Vereinsheim_1-1536x717.jpg","datePublished":"2025-07-08T11:31:22+00:00","breadcrumb":{"@id":"https:\/\/rwsv.de\/index.php\/vereinsheim\/#breadcrumb"},"inLanguage":"de","potentialAction":[{"@type":"ReadAction","target":["https:\/\/rwsv.de\/index.php\/vereinsheim\/"]}]},{"@type":"ImageObject","inLanguage":"de","@id":"https:\/\/rwsv.de\/index.php\/vereinsheim\/#primaryimage","url":"https:\/\/rwsv.de\/wp-content\/uploads\/2025\/07\/Vereinsheim_1.jpg","contentUrl":"https:\/\/rwsv.de\/wp-content\/uploads\/2025\/07\/Vereinsheim_1.jpg","width":1595,"height":745},{"@type":"BreadcrumbList","@id":"https:\/\/rwsv.de\/index.php\/vereinsheim\/#breadcrumb","itemListElement":[{"@type":"ListItem","position":1,"name":"Startseite","item":"https:\/\/rwsv.de\/"},{"@type":"ListItem","position":2,"name":"Vereinsheim"}]},{"@type":"WebSite","@id":"https:\/\/rwsv.de\/#website","url":"https:\/\/rwsv.de\/","name":"Rot Weiss St.Vit e.V.","description":"Fu\u00dfballverein","publisher":{"@id":"https:\/\/rwsv.de\/#organization"},"potentialAction":[{"@type":"SearchAction","target":{"@type":"EntryPoint","urlTemplate":"https:\/\/rwsv.de\/?s={search_term_string}"},"query-input":{"@type":"PropertyValueSpecification","valueRequired":true,"valueName":"search_term_string"}}],"inLanguage":"de"},{"@type":"Organization","@id":"https:\/\/rwsv.de\/#organization","name":"Rot Weiss St.Vit e.V.","url":"https:\/\/rwsv.de\/","logo":{"@type":"ImageObject","inLanguage":"de","@id":"https:\/\/rwsv.de\/#\/schema\/logo\/image\/","url":"https:\/\/rwsv.de\/wp-content\/uploads\/2022\/08\/LogoRWSt-removebg-preview.png","contentUrl":"https:\/\/rwsv.de\/wp-content\/uploads\/2022\/08\/LogoRWSt-removebg-preview.png","width":468,"height":533,"caption":"Rot Weiss St.Vit e.V."},"image":{"@id":"https:\/\/rwsv.de\/#\/schema\/logo\/image\/"}}]}},"rttpg_featured_image_url":null,"rttpg_author":{"display_name":"admin","author_link":"https:\/\/rwsv.de\/index.php\/author\/siede\/"},"rttpg_comment":0,"rttpg_category":null,"rttpg_excerpt":"Vereinsheim Projekt Vereinsheim . Unser Vereinsheim &#8211; endlich fertig und am 29.06.2025 offiziell er\u00f6ffnet Anfang 2021 haben wir mit der Realisierung unseres gro\u00dfen Traums begonnen: der Errichtung eines eigenen Vereinsheims! Impulsgeber f\u00fcr den Baustart war das F\u00f6rderprogramm des Landes NRW \u201eModerne Sportst\u00e4tten 2022\u201c mit einem Zuschuss in H\u00f6he von 334.000 \u20ac. Dank Spendenzusagen vieler am&hellip;","_links":{"self":[{"href":"https:\/\/rwsv.de\/index.php\/wp-json\/wp\/v2\/pages\/2600","targetHints":{"allow":["GET"]}}],"collection":[{"href":"https:\/\/rwsv.de\/index.php\/wp-json\/wp\/v2\/pages"}],"about":[{"href":"https:\/\/rwsv.de\/index.php\/wp-json\/wp\/v2\/types\/page"}],"author":[{"embeddable":true,"href":"https:\/\/rwsv.de\/index.php\/wp-json\/wp\/v2\/users\/1"}],"replies":[{"embeddable":true,"href":"https:\/\/rwsv.de\/index.php\/wp-json\/wp\/v2\/comments?post=2600"}],"version-history":[{"count":40,"href":"https:\/\/rwsv.de\/index.php\/wp-json\/wp\/v2\/pages\/2600\/revisions"}],"predecessor-version":[{"id":3619,"href":"https:\/\/rwsv.de\/index.php\/wp-json\/wp\/v2\/pages\/2600\/revisions\/3619"}],"wp:attachment":[{"href":"https:\/\/rwsv.de\/index.php\/wp-json\/wp\/v2\/media?parent=2600"}],"curies":[{"name":"wp","href":"https:\/\/api.w.org\/{rel}","templated":true}]}}